{"id":71,"date":"2022-09-27T15:20:32","date_gmt":"2022-09-27T13:20:32","guid":{"rendered":"http:\/\/comite13sportadapte.fr\/?page_id=71"},"modified":"2025-09-10T16:34:31","modified_gmt":"2025-09-10T14:34:31","slug":"les-clubs-sport-adapte","status":"publish","type":"page","link":"http:\/\/comite13sportadapte.fr\/?page_id=71","title":{"rendered":"Les Clubs Sport Adapt\u00e9"},"content":{"rendered":"\n<figure class=\"wp-block-table has-small-font-size\"><table><tbody><tr><td><strong>13\/04<\/strong><\/td><td><strong>AS LES PARONS<\/strong><\/td><td>Aix en Provence<\/td><td>04.42.20.09.81<\/td><td>&nbsp;<\/td><td>&nbsp;<\/td><\/tr><tr><td><strong>13\/05<\/strong><\/td><td><strong>AS COLLINE NOTRE DAME<\/strong><\/td><td> 13007 Marseille<\/td><td>06.76.75.81.52<\/td><td><\/td><td>&nbsp;<\/td><\/tr><tr><td><strong>13\/11<\/strong><\/td><td><strong>ASSOCIATION ALGERNON<\/strong><\/td><td> 13008 Marseille <\/td><td>04.91.23.37.92.<\/td><td><a href=\"mailto:algernon.association@gmail.com\">algernon.association@gmail.com<\/a> <\/td><td>Multi Activit\u00e9s, Judo, Natation Foot adultes<\/td><\/tr><tr><td><strong>\u00a0<\/strong><strong>13\/15<\/strong><\/td><td><strong>&nbsp;<\/strong> <strong>AS LES ARGONAUTES<\/strong><\/td><td>13009 Marseille<\/td><td>06.17.88.87.33.<\/td><td>&nbsp; &nbsp;<\/td><td>P\u00e9tanque<\/td><\/tr><tr><td><strong>13\/23<\/strong><\/td><td><strong>DEFI SPORT<\/strong><\/td><td>13013 Marseille<\/td><td>09.50.63.91.96<\/td><td><a href=\"mailto:defi.sport13@gmail.com\">defi.sport13@gmail.com<\/a> &nbsp;<\/td><td>Tennis Fitness \/ Musculation Natation Judo Multi Activit\u00e9s le Week end et S\u00e9jour de Vacance<\/td><\/tr><tr><td><strong>13\/19<\/strong><\/td><td><strong>LA CHRYSALIDE DE MARTIGUES ET DU GOLFE DE FOS<\/strong><\/td><td> Fos sur Mer <\/td><td>04.90.50.52.64<\/td><td><a href=\"mailto:chrysalidemab@yahoo.fr\"><\/a><\/td><td>&nbsp;<\/td><\/tr><tr><td><strong>13\/20<\/strong><\/td><td><strong>AMICALE DES PENSIONNAIRES DU CAT LA FARIGOULE<\/strong><\/td><td>13640 La Roque d\u2019Antheron<\/td><td>04.42.50.43.49<\/td><td>&nbsp;<\/td><td>P\u00e9tanque, Multi activit\u00e9s<\/td><\/tr><tr><td><strong>13\/24<\/strong><\/td><td><strong>OUSTAOU ESTEREL<\/strong><\/td><td>13400 Aubagne<\/td><td>06.09.87.45.27 &nbsp;<\/td><td><a href=\"mailto:oustaou-13@neuf.fr\">oustaou.sportadate.13@gmail.com<\/a> <\/td><td>P\u00e9tanque, Basket Adultes et jeunes Adultes, Football, Randonn\u00e9e<\/td><\/tr><tr><td><strong>13\/30<\/strong><\/td><td><strong>AS LA VAILLANTE<\/strong><\/td><td>13300 Salon de Provence<\/td><td>04.88.40.30.68 06.83.50.66.48<\/td><td><a href=\"mailto:lavaillante13300@gmail.com\">lavaillante13300@gmail.com<\/a><\/td><td>Multi Activit\u00e9s Adultes<\/td><\/tr><tr><td><strong>13\/33<\/strong><\/td><td><strong>AS UNION FAIT LE SPORT<\/strong><\/td><td> 13012 Marseille<\/td><td>06.52.25.10.93<\/td><td><a href=\"mailto:coaching13@icloud.com\">coaching13@icloud.com<\/a><\/td><td>&nbsp;<\/td><\/tr><tr><td><strong>13\/39<\/strong><\/td><td><strong>CERCLE<\/strong> <strong>D ESCRIME DU PAYS D ARLES<\/strong><\/td><td>13200 Arles<\/td><td>04.90.52.00.01<\/td><td><a href=\"mailto:contact@escrime-pays-arles.fr\">contact@escrime-pays-arles.fr<\/a><\/td><td>Escrime Jeunes et Adultes<\/td><\/tr><tr><td><strong>13\/40<\/strong><\/td><td><strong>NATATION AUBAGNE<\/strong><\/td><td>13400 Aubagne<\/td><td>06.98.58.51.06<\/td><td><a href=\"mailto:nasa13aubagne@gmail.com\">nasa13aubagne@gmail.com<\/a><\/td><td>Natation Enfants, Jeunes et Adultes<\/td><\/tr><tr><td><strong>13&nbsp;\/41<\/strong><\/td><td><strong>AS PONT SUD<\/strong><\/td><td>13003 Marseille<\/td><td>04.91.42.00.39<\/td><td><a href=\"mailto:rugby13@groupe-sos.org\">rugby13@groupe-sos.org<\/a><\/td><td>Rugby sans contact Jeunes et Adultes<\/td><\/tr><tr><td><strong>13&nbsp;\/43<\/strong><\/td><td><strong>Avi&nbsp; Sourire<\/strong><\/td><td>13012 Marseille<\/td><td>06.17.50.29.83<\/td><td><a href=\"mailto:lavisourire@gmail.com\">lavisourire@gmail.com<\/a><\/td><td>Avirons Jeunes et Adultes<\/td><\/tr><tr><td><strong>13\/49<\/strong><\/td><td><strong>AS APAR APAS<\/strong><\/td><td>13330 Salon de Provence<\/td><td>06.75.07.39.72<\/td><td><a href=\"mailto:contact@apar-autisme.org\">contact@apar-autisme.org<\/a><\/td><td>Multi Activit\u00e9s jeunes et Adultes public Autiste (TSA)<\/td><\/tr><tr><td><strong>13\/51<\/strong><\/td><td><strong>AS JUDO CLUB AUBAGNE<\/strong><\/td><td>13400&nbsp;<em>Aubagne<\/em><\/td><td>06.24.32.80.87<\/td><td><a href=\"mailto:Judoclubaubagne13@gmail.com\">Judoclubaubagne13@gmail.com<\/a><\/td><td>judo<\/td><\/tr><tr><td><strong>13\/54<\/strong><\/td><td><strong>AS STADE MAILLANAIS<\/strong><\/td><td>13910 Maillane<\/td><td>07.76.34.54.76<\/td><td><a href=\"mailto:max.gaillardet@wanadoo.fr\">max.gaillardet@wanadoo.fr<\/a><\/td><td>football<\/td><\/tr><tr><td><strong>13\/57<\/strong><\/td><td><strong>AMI TOMAK\u00e9<\/strong><\/td><td>13400 Aubagne<\/td><td>06.80.17.21.07<\/td><td><a href=\"mailto:contact@ami-tomake.fr\">contact@ami-tomake.fr<\/a><\/td><td>Multi activit\u00e9s enfant<\/td><\/tr><tr><td><strong>13\/58<\/strong><\/td><td><strong>AS PHENIX<\/strong><\/td><td>AIX EN PROVENCE 13090<\/td><td>06.84.92.68.43<\/td><td><a href=\"mailto:contact@assophenix.fr\">contact@assophenix.fr<\/a><\/td><td>Multi activit\u00e9s jeunes et Adultes<\/td><\/tr><tr><td><strong>13\/59<\/strong><\/td><td><strong>AS OBJECTIF UNION PAR LE SPORT<\/strong><\/td><td>13010 Marseille<\/td><td>06.80.68.96.94<\/td><td><a href=\"mailto:objectifunionparlesport@gmail.com\">objectifunionparlesport@gmail.com<\/a><\/td><td>Escalade, Gym\/Cirque, Athl\u00e9tisme, Natation Multi Activit\u00e9s le Week end et S\u00e9jours de Vacances Prise en charge individuelle Enfant, jeunes et Adultes<\/td><\/tr><tr><td><strong>13\/61<\/strong><\/td><td><strong>AS RUGBY CLUB MARSEILLAIS<\/strong><\/td><td>13014 Marseille<\/td><td>06.09.61.15.77<\/td><td><a href=\"mailto:rugbyclubmarseillais@gmail.com\">rugbyclubmarseillais@gmail.com<\/a><\/td><td>Rugby adapt\u00e9<\/td><\/tr><tr><td><strong>13\/63<\/strong><\/td><td><strong>AS ENTENTE St JEAN<\/strong><\/td><td>13990 Fontvieille<\/td><td>06.16.04.53.31<\/td><td><a href=\"mailto:slesage2001@gmail.com\">slesage2001@gmail.com<\/a><\/td><td>Football adapt\u00e9<\/td><\/tr><tr><td><strong>13\/65<\/strong><\/td><td><strong>AS GRAVIES\u2019CIMES<\/strong><\/td><td>13200 Arles<\/td><td>06.01.92.47.54<\/td><td><a href=\"mailto:info@gravies-cimes.com\">info@gravies-cimes.com<\/a><\/td><td>Escalade adapt\u00e9<\/td><\/tr><tr><td><strong>13\/66<\/strong><\/td><td><strong>AS ATHELIQUE CLUB GOMBERTOIS<\/strong><\/td><td>13013 Marseille<\/td><td>06.89.31.46.56<\/td><td><a href=\"mailto:bruchet.benjamin@hotmail.fr\">bruchet.benjamin@hotmail.fr<\/a><\/td><td>Football Adultes adapt\u00e9<\/td><\/tr><tr><td><strong>13\/68<\/strong><\/td><td><strong>AS LES ARCHERS SAINT MARTINOIS<\/strong><\/td><td>13310 St Martin de Crau<\/td><td>07.82.03.49.91<\/td><td><a href=\"mailto:lesflamantsroses.smc@gmail.com\">lesflamantsroses.smc@gmail.com<\/a><\/td><td>Tir \u00e0 l\u2019Arc adapt\u00e9<\/td><\/tr><tr><td><strong>13\/69<\/strong><\/td><td><strong>AS TCAP 21<\/strong><\/td><td> 13280 Ensu\u00e8s la Redonne<\/td><td>06.63.45.83.12<\/td><td><a href=\"mailto:contact@tcap21.fr\">contact@tcap21.fr<\/a><\/td><td>Multi activit\u00e9s<\/td><\/tr><tr><td><strong>13\/70<\/strong><\/td><td><strong>AS US Eguilles<\/strong><\/td><td>13510 Eguilles<\/td><td>04.42.92.48.43<\/td><td><a href=\"mailto:useguilles@gmail.com\">useguilles@gmail.com<\/a><\/td><td>Football adapt\u00e9<\/td><\/tr><tr><td><strong>13\/71<\/strong><\/td><td><strong>AS TARASCON ATHLETISME<\/strong><\/td><td>13150 Tarascon<\/td><td>06.51.87.60.59<\/td><td><a href=\"mailto:adm.tarasconathletisme@gmail.com\">adm.tarasconathletisme@gmail.com<\/a><\/td><td>Athl\u00e9tisme adapt\u00e9<\/td><\/tr><tr><td><strong>13\/72<\/strong><\/td><td><strong>AS Tennis Adapt<\/strong><\/td><td>13700 Marignane<\/td><td>06.18.46.61.58<\/td><td><a href=\"mailto:tennis.adapt@gmail.com\">tennis.adapt@gmail.com<\/a><\/td><td>Tennis adapt\u00e9<\/td><\/tr><tr><td><strong>13\/73<\/strong><\/td><td><strong>AS Trilogis<\/strong><\/td><td>13150 Tarascon<\/td><td>09.82.66.71.04<\/td><td><a href=\"mailto:contact@trilogis21.org\">contact@trilogis21.org<\/a><\/td><td><\/td><\/tr><tr><td><strong>13\/75<\/strong><\/td><td><strong>AS Marseille Arc Club<\/strong><\/td><td>13011 Marseille<\/td><td>07.69.20.48.10<\/td><td><a href=\"mailto:massilia.arc.club@gmail.com\">massilia.arc.club@gmail.com<\/a><\/td><td>Tir \u00e0 l&rsquo;Arc adapt\u00e9<\/td><\/tr><tr><td><strong>13\/7<\/strong>6<\/td><td><strong>AS Provence Sport Taekwendo<\/strong><\/td><td>13300 Salon de Provence<\/td><td>06.17.93.79.59<\/td><td><a href=\"provencetkd@hotmail.fr\">provencetkd@hotmail.fr<\/a> <\/td><td>Taekwendo, Mini Ninja (multi activit\u00e9s)<\/td><\/tr><tr><td><strong>13\/77<\/strong><\/td><td><strong>AS AUC<\/strong><\/td><td>13100 Aix en Provence<\/td><td>04.86.31.73.33<\/td><td><a href=\"secretariat@auc.fr\">secretariat@auc.fr<\/a><\/td><td>Multi Activit\u00e9s, Sport Sant\u00e9<\/td><\/tr><tr><td><strong>13\/78<\/strong><\/td><td><strong>AS Chaque Jour Compte<\/strong><\/td><td>13006 Marseille<\/td><td>06.56.89.00.55<\/td><td><a href=\"mailto:chaquejourcompte13@gmail.com\">chaquejourcompte13@gmail.com<\/a><\/td><td>Boxe \u00e9ducative, sport de combat <\/td><\/tr><\/tbody><\/table><\/figure>\n\n\n\n<p><\/p>\n","protected":false},"excerpt":{"rendered":"<p>13\/04 AS LES PARONS Aix en Provence 04.42.20.09.81 &nbsp; &nbsp; 13\/05 AS COLLINE NOTRE DAME [&hellip;]<\/p>\n","protected":false},"author":1,"featured_media":0,"parent":0,"menu_order":3,"comment_status":"closed","ping_status":"closed","template":"template-full-width.php","meta":{"footnotes":""},"class_list":["post-71","page","type-page","status-publish","hentry"],"_links":{"self":[{"href":"http:\/\/comite13sportadapte.fr\/index.php?rest_route=\/wp\/v2\/pages\/71","targetHints":{"allow":["GET"]}}],"collection":[{"href":"http:\/\/comite13sportadapte.fr\/index.php?rest_route=\/wp\/v2\/pages"}],"about":[{"href":"http:\/\/comite13sportadapte.fr\/index.php?rest_route=\/wp\/v2\/types\/page"}],"author":[{"embeddable":true,"href":"http:\/\/comite13sportadapte.fr\/index.php?rest_route=\/wp\/v2\/users\/1"}],"replies":[{"embeddable":true,"href":"http:\/\/comite13sportadapte.fr\/index.php?rest_route=%2Fwp%2Fv2%2Fcomments&post=71"}],"version-history":[{"count":13,"href":"http:\/\/comite13sportadapte.fr\/index.php?rest_route=\/wp\/v2\/pages\/71\/revisions"}],"predecessor-version":[{"id":141,"href":"http:\/\/comite13sportadapte.fr\/index.php?rest_route=\/wp\/v2\/pages\/71\/revisions\/141"}],"wp:attachment":[{"href":"http:\/\/comite13sportadapte.fr\/index.php?rest_route=%2Fwp%2Fv2%2Fmedia&parent=71"}],"curies":[{"name":"wp","href":"https:\/\/api.w.org\/{rel}","templated":true}]}}