{"id":27,"date":"2022-09-17T09:37:27","date_gmt":"2022-09-17T07:37:27","guid":{"rendered":"http:\/\/comite13sportadapte.fr\/?page_id=27"},"modified":"2025-09-10T16:38:51","modified_gmt":"2025-09-10T14:38:51","slug":"le-sport-adapte","status":"publish","type":"page","link":"http:\/\/comite13sportadapte.fr\/?page_id=27","title":{"rendered":"Le Sport Adapt\u00e9"},"content":{"rendered":"<div class=\"wp-block-image is-style-default\">\n<figure class=\"aligncenter size-large\"><img loading=\"lazy\" decoding=\"async\" width=\"1024\" height=\"352\" src=\"http:\/\/comite13sportadapte.fr\/wp-content\/uploads\/2022\/08\/ffsa-1024x352.png\" alt=\"\" class=\"wp-image-9\" srcset=\"http:\/\/comite13sportadapte.fr\/wp-content\/uploads\/2022\/08\/ffsa-1024x352.png 1024w, http:\/\/comite13sportadapte.fr\/wp-content\/uploads\/2022\/08\/ffsa-300x103.png 300w, http:\/\/comite13sportadapte.fr\/wp-content\/uploads\/2022\/08\/ffsa-768x264.png 768w, http:\/\/comite13sportadapte.fr\/wp-content\/uploads\/2022\/08\/ffsa.png 1536w\" sizes=\"auto, (max-width: 1024px) 100vw, 1024px\" \/><\/figure>\n<\/div>\n\n\n<h2 class=\"wp-block-heading\">Quelques chiffres<\/h2>\n\n\n\n<ul class=\"wp-block-list\">\n<li>1971 : F\u00e9d\u00e9ration de Sport pour Handicap\u00e9s Mentaux,<\/li>\n\n\n\n<li>1983 : La F\u00e9d\u00e9ration Fran\u00e7aise de Sport Adapt\u00e9,<\/li>\n\n\n\n<li>Plus de 60000 licenci\u00e9s \u00e0 la FFSA, dont plus de 5300 en Provence-Alpes-C\u00f4te-d&rsquo;Azur et plus de 1870 dans les Bouches du Rh\u00f4ne,<\/li>\n\n\n\n<li>1100 associations sportives,<\/li>\n\n\n\n<li>114 comit\u00e9s r\u00e9gionaux et d\u00e9partementaux,<\/li>\n\n\n\n<li>25 championnats de France.<\/li>\n<\/ul>\n\n\n\n<h2 class=\"wp-block-heading\">Pr\u00e9sentation<\/h2>\n\n\n\n<pre class=\"wp-block-preformatted has-white-background-color has-background\">La F\u00e9d\u00e9ration Fran\u00e7aise de Sport Adapt\u00e9, les diff\u00e9rentes ligues et leurs comit\u00e9s d\u00e9partementaux ont pour mission d\u2019organiser, de d\u00e9velopper, de coordonner et de contr\u00f4ler la pratique des activit\u00e9s physiques et sportives des personnes atteintes de d\u00e9ficiences intellectuelles, de troubles psychiques stabilis\u00e9s, ou de troubles de l'adaptation.<\/pre>\n\n\n\n<h2 class=\"wp-block-heading\">Objectifs<\/h2>\n\n\n\n<pre class=\"wp-block-preformatted has-white-background-color has-background\">L\u2019objectif de la F\u00e9d\u00e9ration Fran\u00e7aise de Sport Adapt\u00e9, des diff\u00e9rentes ligues et de leurs comit\u00e9s d\u00e9partementaux est d\u2019offrir \u00e0 toute personne atteinte de d\u00e9ficience intellectuelle, de troubles psychiques stabilis\u00e9s, ou de troubles de l'adaptation, quels que soient ses d\u00e9sirs, ses capacit\u00e9s et ses besoins, la possibilit\u00e9 de vivre la passion du sport de son choix dans un environnement vou\u00e9 \u00e0 son plaisir, sa performance, sa s\u00e9curit\u00e9 et \u00e0 l\u2019exercice de sa citoyennet\u00e9.<\/pre>\n","protected":false},"excerpt":{"rendered":"<p>Quelques chiffres Pr\u00e9sentation La F\u00e9d\u00e9ration Fran\u00e7aise de Sport Adapt\u00e9, les diff\u00e9rentes ligues et leurs comit\u00e9s [&hellip;]<\/p>\n","protected":false},"author":1,"featured_media":0,"parent":0,"menu_order":1,"comment_status":"closed","ping_status":"closed","template":"template-full-width.php","meta":{"footnotes":""},"class_list":["post-27","page","type-page","status-publish","hentry"],"_links":{"self":[{"href":"http:\/\/comite13sportadapte.fr\/index.php?rest_route=\/wp\/v2\/pages\/27","targetHints":{"allow":["GET"]}}],"collection":[{"href":"http:\/\/comite13sportadapte.fr\/index.php?rest_route=\/wp\/v2\/pages"}],"about":[{"href":"http:\/\/comite13sportadapte.fr\/index.php?rest_route=\/wp\/v2\/types\/page"}],"author":[{"embeddable":true,"href":"http:\/\/comite13sportadapte.fr\/index.php?rest_route=\/wp\/v2\/users\/1"}],"replies":[{"embeddable":true,"href":"http:\/\/comite13sportadapte.fr\/index.php?rest_route=%2Fwp%2Fv2%2Fcomments&post=27"}],"version-history":[{"count":8,"href":"http:\/\/comite13sportadapte.fr\/index.php?rest_route=\/wp\/v2\/pages\/27\/revisions"}],"predecessor-version":[{"id":143,"href":"http:\/\/comite13sportadapte.fr\/index.php?rest_route=\/wp\/v2\/pages\/27\/revisions\/143"}],"wp:attachment":[{"href":"http:\/\/comite13sportadapte.fr\/index.php?rest_route=%2Fwp%2Fv2%2Fmedia&parent=27"}],"curies":[{"name":"wp","href":"https:\/\/api.w.org\/{rel}","templated":true}]}}